{"id":749,"date":"2025-02-18T14:03:28","date_gmt":"2025-02-18T14:03:28","guid":{"rendered":"http:\/\/r-pons.cz\/?page_id=749"},"modified":"2025-10-20T09:18:52","modified_gmt":"2025-10-20T09:18:52","slug":"certifikace1","status":"publish","type":"page","link":"https:\/\/r-pons.cz\/?page_id=749","title":{"rendered":"ISO 9001 \/ ISO 14001 \/ ISO 45001"},"content":{"rendered":"\t\t<div data-elementor-type=\"wp-page\" data-elementor-id=\"749\" class=\"elementor elementor-749\">\n\t\t\t\t<div class=\"elementor-element elementor-element-0fd41cc e-flex e-con-boxed e-con e-parent\" data-id=\"0fd41cc\" data-element_type=\"container\">\n\t\t\t\t\t<div class=\"e-con-inner\">\n\t\t\t\t<div class=\"elementor-element elementor-element-1192186 elementor-widget elementor-widget-heading\" data-id=\"1192186\" data-element_type=\"widget\" data-widget_type=\"heading.default\">\n\t\t\t\t<div class=\"elementor-widget-container\">\n\t\t\t\t\t<h2 class=\"elementor-heading-title elementor-size-default\">NA\u0160E SPOLE\u010cNOST KLADE MAXIM\u00c1LN\u00cd D\u016eRAZ NA ZAJI\u0160\u0164OV\u00c1N\u00cd KVALITY, OCHRANY \u017dIVOTN\u00cdHO PROST\u0158ED\u00cd A BEZPE\u010cNOSTI PR\u00c1CE.<\/h2>\t\t\t\t<\/div>\n\t\t\t\t<\/div>\n\t\t\t\t<div class=\"elementor-element elementor-element-1bae763 elementor-widget elementor-widget-text-editor\" data-id=\"1bae763\" data-element_type=\"widget\" data-widget_type=\"text-editor.default\">\n\t\t\t\t<div class=\"elementor-widget-container\">\n\t\t\t\t\t\t\t\t\t<h5><strong>Spole\u010dnost R-PONS s.r.o. je dr\u017eitelem n\u00e1sleduj\u00edc\u00edch certifik\u00e1t\u016f:<\/strong><\/h5><ul><li><h6>Syst\u00e9mu managementu kvality (QMS) dle normy \u010cSN EN ISO 9001:2016<\/h6><\/li><li><h6>Syst\u00e9mu environment\u00e1ln\u00edho managementu (EMS) dle normy \u010cSN EN ISO 14 001:2016<\/h6><\/li><li><h6>Syst\u00e9mu managementu pro bezpe\u010dnost pr\u00e1ce a ochranu zdrav\u00ed p\u0159i pr\u00e1ci dle normy \u010cSN\u00a0ISO\u00a045001:2018<\/h6><\/li><\/ul>\t\t\t\t\t\t\t\t<\/div>\n\t\t\t\t<\/div>\n\t\t\t\t\t<\/div>\n\t\t\t\t<\/div>\n\t\t<div class=\"elementor-element elementor-element-a1087ad e-flex e-con-boxed e-con e-parent\" data-id=\"a1087ad\" data-element_type=\"container\">\n\t\t\t\t\t<div class=\"e-con-inner\">\n\t\t\t\t<div class=\"elementor-element elementor-element-8d4c99c elementor-widget elementor-widget-image-gallery\" data-id=\"8d4c99c\" data-element_type=\"widget\" data-widget_type=\"image-gallery.default\">\n\t\t\t\t<div class=\"elementor-widget-container\">\n\t\t\t\t\t\t\t<div class=\"elementor-image-gallery\">\n\t\t\t\n\t\t<style type=\"text\/css\">\n\t\t\t#gallery-1 {\n\t\t\t\tmargin: auto;\n\t\t\t}\n\t\t\t#gallery-1 .gallery-item {\n\t\t\t\tfloat: left;\n\t\t\t\tmargin-top: 10px;\n\t\t\t\ttext-align: center;\n\t\t\t\twidth: 33%;\n\t\t\t}\n\t\t\t#gallery-1 img {\n\t\t\t\tborder: 2px solid #cfcfcf;\n\t\t\t}\n\t\t\t#gallery-1 .gallery-caption {\n\t\t\t\tmargin-left: 0;\n\t\t\t}\n\t\t\t\/* see gallery_shortcode() in wp-includes\/media.php *\/\n\t\t<\/style>\n\t\t<div id='gallery-1' class='gallery galleryid-749 gallery-columns-3 gallery-size-large'><dl class='gallery-item'>\n\t\t\t<dt class='gallery-icon portrait'>\n\t\t\t\t<a data-elementor-open-lightbox=\"yes\" data-elementor-lightbox-slideshow=\"8d4c99c\" data-elementor-lightbox-title=\"Sn\u00edmek obrazovky (57)\" data-e-action-hash=\"#elementor-action%3Aaction%3Dlightbox%26settings%3DeyJpZCI6ODMxLCJ1cmwiOiJodHRwczpcL1wvci1wb25zLmN6XC93cC1jb250ZW50XC91cGxvYWRzXC8yMDI1XC8wOVwvU25pbWVrLW9icmF6b3ZreS01Ny5wbmciLCJzbGlkZXNob3ciOiI4ZDRjOTljIn0%3D\" href='https:\/\/r-pons.cz\/wp-content\/uploads\/2025\/09\/Snimek-obrazovky-57.png'><img fetchpriority=\"high\" decoding=\"async\" width=\"723\" height=\"1024\" src=\"https:\/\/r-pons.cz\/wp-content\/uploads\/2025\/09\/Snimek-obrazovky-57-723x1024.png\" class=\"attachment-large size-large\" alt=\"\" srcset=\"https:\/\/r-pons.cz\/wp-content\/uploads\/2025\/09\/Snimek-obrazovky-57-723x1024.png 723w, https:\/\/r-pons.cz\/wp-content\/uploads\/2025\/09\/Snimek-obrazovky-57-212x300.png 212w, https:\/\/r-pons.cz\/wp-content\/uploads\/2025\/09\/Snimek-obrazovky-57-768x1088.png 768w, https:\/\/r-pons.cz\/wp-content\/uploads\/2025\/09\/Snimek-obrazovky-57.png 910w\" sizes=\"(max-width: 723px) 100vw, 723px\" \/><\/a>\n\t\t\t<\/dt><\/dl><dl class='gallery-item'>\n\t\t\t<dt class='gallery-icon portrait'>\n\t\t\t\t<a data-elementor-open-lightbox=\"yes\" data-elementor-lightbox-slideshow=\"8d4c99c\" data-elementor-lightbox-title=\"Sn\u00edmek obrazovky (59)\" data-e-action-hash=\"#elementor-action%3Aaction%3Dlightbox%26settings%3DeyJpZCI6ODMyLCJ1cmwiOiJodHRwczpcL1wvci1wb25zLmN6XC93cC1jb250ZW50XC91cGxvYWRzXC8yMDI1XC8wOVwvU25pbWVrLW9icmF6b3ZreS01OS5wbmciLCJzbGlkZXNob3ciOiI4ZDRjOTljIn0%3D\" href='https:\/\/r-pons.cz\/wp-content\/uploads\/2025\/09\/Snimek-obrazovky-59.png'><img decoding=\"async\" width=\"720\" height=\"1024\" src=\"https:\/\/r-pons.cz\/wp-content\/uploads\/2025\/09\/Snimek-obrazovky-59-720x1024.png\" class=\"attachment-large size-large\" alt=\"\" srcset=\"https:\/\/r-pons.cz\/wp-content\/uploads\/2025\/09\/Snimek-obrazovky-59-720x1024.png 720w, https:\/\/r-pons.cz\/wp-content\/uploads\/2025\/09\/Snimek-obrazovky-59-211x300.png 211w, https:\/\/r-pons.cz\/wp-content\/uploads\/2025\/09\/Snimek-obrazovky-59-768x1092.png 768w, https:\/\/r-pons.cz\/wp-content\/uploads\/2025\/09\/Snimek-obrazovky-59.png 908w\" sizes=\"(max-width: 720px) 100vw, 720px\" \/><\/a>\n\t\t\t<\/dt><\/dl><dl class='gallery-item'>\n\t\t\t<dt class='gallery-icon portrait'>\n\t\t\t\t<a data-elementor-open-lightbox=\"yes\" data-elementor-lightbox-slideshow=\"8d4c99c\" data-elementor-lightbox-title=\"Sn\u00edmek obrazovky (60)\" data-e-action-hash=\"#elementor-action%3Aaction%3Dlightbox%26settings%3DeyJpZCI6ODMzLCJ1cmwiOiJodHRwczpcL1wvci1wb25zLmN6XC93cC1jb250ZW50XC91cGxvYWRzXC8yMDI1XC8wOVwvU25pbWVrLW9icmF6b3ZreS02MC5wbmciLCJzbGlkZXNob3ciOiI4ZDRjOTljIn0%3D\" href='https:\/\/r-pons.cz\/wp-content\/uploads\/2025\/09\/Snimek-obrazovky-60.png'><img decoding=\"async\" width=\"726\" height=\"1024\" src=\"https:\/\/r-pons.cz\/wp-content\/uploads\/2025\/09\/Snimek-obrazovky-60-726x1024.png\" class=\"attachment-large size-large\" alt=\"\" srcset=\"https:\/\/r-pons.cz\/wp-content\/uploads\/2025\/09\/Snimek-obrazovky-60-726x1024.png 726w, https:\/\/r-pons.cz\/wp-content\/uploads\/2025\/09\/Snimek-obrazovky-60-213x300.png 213w, https:\/\/r-pons.cz\/wp-content\/uploads\/2025\/09\/Snimek-obrazovky-60-768x1083.png 768w, https:\/\/r-pons.cz\/wp-content\/uploads\/2025\/09\/Snimek-obrazovky-60.png 917w\" sizes=\"(max-width: 726px) 100vw, 726px\" \/><\/a>\n\t\t\t<\/dt><\/dl><br style=\"clear: both\" \/>\n\t\t<\/div>\n\t\t<\/div>\n\t\t\t\t\t\t<\/div>\n\t\t\t\t<\/div>\n\t\t\t\t\t<\/div>\n\t\t\t\t<\/div>\n\t\t<div class=\"elementor-element elementor-element-559fcac e-grid e-con-boxed e-con e-parent\" data-id=\"559fcac\" data-element_type=\"container\">\n\t\t\t\t\t<div class=\"e-con-inner\">\n\t\t\t\t<div class=\"elementor-element elementor-element-7e47dd5 elementor-widget elementor-widget-text-editor\" data-id=\"7e47dd5\" data-element_type=\"widget\" data-widget_type=\"text-editor.default\">\n\t\t\t\t<div class=\"elementor-widget-container\">\n\t\t\t\t\t\t\t\t\t<h5><strong>\u010cSN EN ISO 9001:2016<\/strong><\/h5><h6>Registra\u010dn\u00ed \u010d\u00edslo certifik\u00e1tu 18.063.161<\/h6><h6>Platnost: Od 25.08.2025 do 24.8.2028<\/h6><h6>Certifika\u010dn\u00ed org\u00e1n: T\u00fcv S\u00fcd Czech s.r.o.<\/h6><p>\u00a0<\/p><h6 style=\"text-align: left;\">Rozsah certifikace:<\/h6><ul><li style=\"text-align: left;\"><h6>Povrchov\u00e9 \u00fapravy a sva\u0159ov\u00e1n\u00ed kov\u016f<\/h6><\/li><li style=\"text-align: left;\"><h6>Prov\u00e1d\u011bn\u00ed \u017eelezni\u010dn\u00edch staveb<\/h6><\/li><li style=\"text-align: left;\"><h6>Z\u00e1me\u010dnictv\u00ed<\/h6><\/li><li style=\"text-align: left;\"><h6>V\u00fdroba ocelov\u00fdch konstrukc\u00ed, \u010d\u00e1st\u00ed stroj\u016f a za\u0159\u00edzen\u00ed<\/h6><\/li><li><h6 style=\"text-align: left;\">Sva\u0159ov\u00e1n\u00ed nosn\u00fdch spoj\u016f beton\u00e1\u0159sk\u00fdch ocel\u00ed<\/h6><\/li><\/ul>\t\t\t\t\t\t\t\t<\/div>\n\t\t\t\t<\/div>\n\t\t\t\t<div class=\"elementor-element elementor-element-b83d855 elementor-widget elementor-widget-text-editor\" data-id=\"b83d855\" data-element_type=\"widget\" data-widget_type=\"text-editor.default\">\n\t\t\t\t<div class=\"elementor-widget-container\">\n\t\t\t\t\t\t\t\t\t<h5><strong>\u010cSN EN ISO 14001:2016<\/strong><\/h5><h6>Registra\u010dn\u00ed \u010d\u00edslo certifik\u00e1tu 18.063.162<\/h6><h6>Platnost: Od 25.08.2025 do 24.8.2028<\/h6><h6>Certifika\u010dn\u00ed org\u00e1n: T\u00fcv S\u00fcd Czech s.r.o.<\/h6><p>\u00a0<\/p><h6 style=\"text-align: left;\">Rozsah certifikace:<\/h6><ul><li style=\"text-align: left;\"><h6>Povrchov\u00e9 \u00fapravy a sva\u0159ov\u00e1n\u00ed kov\u016f<\/h6><\/li><li style=\"text-align: left;\"><h6>Prov\u00e1d\u011bn\u00ed \u017eelezni\u010dn\u00edch staveb<\/h6><\/li><li style=\"text-align: left;\"><h6>Z\u00e1me\u010dnictv\u00ed<\/h6><\/li><li style=\"text-align: left;\"><h6>V\u00fdroba ocelov\u00fdch konstrukc\u00ed, \u010d\u00e1st\u00ed stroj\u016f a za\u0159\u00edzen\u00ed<\/h6><\/li><li><h6 style=\"text-align: left;\">Sva\u0159ov\u00e1n\u00ed nosn\u00fdch spoj\u016f beton\u00e1\u0159sk\u00fdch ocel\u00ed<\/h6><\/li><\/ul>\t\t\t\t\t\t\t\t<\/div>\n\t\t\t\t<\/div>\n\t\t\t\t<div class=\"elementor-element elementor-element-1dc17fb elementor-widget elementor-widget-text-editor\" data-id=\"1dc17fb\" data-element_type=\"widget\" data-widget_type=\"text-editor.default\">\n\t\t\t\t<div class=\"elementor-widget-container\">\n\t\t\t\t\t\t\t\t\t<h5><strong>\u010cSN EN ISO 45000:2018<\/strong><\/h5><h6>Registra\u010dn\u00ed \u010d\u00edslo certifik\u00e1tu 18.063.163<\/h6><h6>Platnost: Od 25.08.2025 do 24.8.2028<\/h6><h6>Certifika\u010dn\u00ed org\u00e1n: T\u00fcv S\u00fcd Czech s.r.o.<\/h6><p>\u00a0<\/p><h6 style=\"text-align: left;\">Rozsah certifikace:<\/h6><ul><li style=\"text-align: left;\"><h6>Povrchov\u00e9 \u00fapravy a sva\u0159ov\u00e1n\u00ed kov\u016f<\/h6><\/li><li style=\"text-align: left;\"><h6>Prov\u00e1d\u011bn\u00ed \u017eelezni\u010dn\u00edch staveb<\/h6><\/li><li style=\"text-align: left;\"><h6>Z\u00e1me\u010dnictv\u00ed<\/h6><\/li><li style=\"text-align: left;\"><h6>V\u00fdroba ocelov\u00fdch konstrukc\u00ed, \u010d\u00e1st\u00ed stroj\u016f a za\u0159\u00edzen\u00ed<\/h6><\/li><li><h6 style=\"text-align: left;\">Sva\u0159ov\u00e1n\u00ed nosn\u00fdch spoj\u016f beton\u00e1\u0159sk\u00fdch ocel\u00ed<\/h6><\/li><\/ul>\t\t\t\t\t\t\t\t<\/div>\n\t\t\t\t<\/div>\n\t\t\t\t\t<\/div>\n\t\t\t\t<\/div>\n\t\t\t\t<\/div>\n\t\t","protected":false},"excerpt":{"rendered":"<p>NA\u0160E SPOLE\u010cNOST KLADE MAXIM\u00c1LN\u00cd D\u016eRAZ NA ZAJI\u0160\u0164OV\u00c1N\u00cd KVALITY, OCHRANY \u017dIVOTN\u00cdHO PROST\u0158ED\u00cd A BEZPE\u010cNOSTI PR\u00c1CE. Spole\u010dnost R-PONS s.r.o. je dr\u017eitelem n\u00e1sleduj\u00edc\u00edch certifik\u00e1t\u016f: Syst\u00e9mu managementu kvality (QMS)&#8230;<\/p>\n","protected":false},"author":1,"featured_media":0,"parent":0,"menu_order":0,"comment_status":"closed","ping_status":"closed","template":"","meta":{"_monsterinsights_skip_tracking":false,"_monsterinsights_sitenote_active":false,"_monsterinsights_sitenote_note":"","_monsterinsights_sitenote_category":0,"footnotes":"","_links_to":"","_links_to_target":""},"class_list":["post-749","page","type-page","status-publish","hentry"],"aioseo_notices":[],"_links":{"self":[{"href":"https:\/\/r-pons.cz\/index.php?rest_route=\/wp\/v2\/pages\/749","targetHints":{"allow":["GET"]}}],"collection":[{"href":"https:\/\/r-pons.cz\/index.php?rest_route=\/wp\/v2\/pages"}],"about":[{"href":"https:\/\/r-pons.cz\/index.php?rest_route=\/wp\/v2\/types\/page"}],"author":[{"embeddable":true,"href":"https:\/\/r-pons.cz\/index.php?rest_route=\/wp\/v2\/users\/1"}],"replies":[{"embeddable":true,"href":"https:\/\/r-pons.cz\/index.php?rest_route=%2Fwp%2Fv2%2Fcomments&post=749"}],"version-history":[{"count":28,"href":"https:\/\/r-pons.cz\/index.php?rest_route=\/wp\/v2\/pages\/749\/revisions"}],"predecessor-version":[{"id":967,"href":"https:\/\/r-pons.cz\/index.php?rest_route=\/wp\/v2\/pages\/749\/revisions\/967"}],"wp:attachment":[{"href":"https:\/\/r-pons.cz\/index.php?rest_route=%2Fwp%2Fv2%2Fmedia&parent=749"}],"curies":[{"name":"wp","href":"https:\/\/api.w.org\/{rel}","templated":true}]}}