{"id":748,"date":"2025-02-18T14:03:41","date_gmt":"2025-02-18T14:03:41","guid":{"rendered":"http:\/\/r-pons.cz\/?page_id=748"},"modified":"2025-09-16T06:13:58","modified_gmt":"2025-09-16T06:13:58","slug":"reference","status":"publish","type":"page","link":"https:\/\/r-pons.cz\/?page_id=748","title":{"rendered":"Reference"},"content":{"rendered":"\t\t<div data-elementor-type=\"wp-page\" data-elementor-id=\"748\" class=\"elementor elementor-748\">\n\t\t\t\t<div class=\"elementor-element elementor-element-309f3eae e-flex e-con-boxed e-con e-parent\" data-id=\"309f3eae\" data-element_type=\"container\">\n\t\t\t\t\t<div class=\"e-con-inner\">\n\t\t\t\t<div class=\"elementor-element elementor-element-30a3495e elementor-widget elementor-widget-text-editor\" data-id=\"30a3495e\" data-element_type=\"widget\" data-widget_type=\"text-editor.default\">\n\t\t\t\t<div class=\"elementor-widget-container\">\n\t\t\t\t\t\t\t\t\t\n<p>Tato sekce webu je aktu\u00e1ln\u011b ve f\u00e1zi p\u0159\u00edpravy.<br data-start=\"468\" data-end=\"471\" \/>Obsah zve\u0159ejn\u00edme co nejd\u0159\u00edve.<\/p>\n\t\t\t\t\t\t\t\t<\/div>\n\t\t\t\t<\/div>\n\t\t\t\t\t<\/div>\n\t\t\t\t<\/div>\n\t\t\t\t<\/div>\n\t\t","protected":false},"excerpt":{"rendered":"<p>Tato sekce webu je aktu\u00e1ln\u011b ve f\u00e1zi p\u0159\u00edpravy.Obsah zve\u0159ejn\u00edme co nejd\u0159\u00edve.<\/p>\n","protected":false},"author":1,"featured_media":0,"parent":0,"menu_order":0,"comment_status":"closed","ping_status":"closed","template":"","meta":{"_monsterinsights_skip_tracking":false,"_monsterinsights_sitenote_active":false,"_monsterinsights_sitenote_note":"","_monsterinsights_sitenote_category":0,"footnotes":"","_links_to":"","_links_to_target":""},"class_list":["post-748","page","type-page","status-publish","hentry"],"aioseo_notices":[],"_links":{"self":[{"href":"https:\/\/r-pons.cz\/index.php?rest_route=\/wp\/v2\/pages\/748","targetHints":{"allow":["GET"]}}],"collection":[{"href":"https:\/\/r-pons.cz\/index.php?rest_route=\/wp\/v2\/pages"}],"about":[{"href":"https:\/\/r-pons.cz\/index.php?rest_route=\/wp\/v2\/types\/page"}],"author":[{"embeddable":true,"href":"https:\/\/r-pons.cz\/index.php?rest_route=\/wp\/v2\/users\/1"}],"replies":[{"embeddable":true,"href":"https:\/\/r-pons.cz\/index.php?rest_route=%2Fwp%2Fv2%2Fcomments&post=748"}],"version-history":[{"count":5,"href":"https:\/\/r-pons.cz\/index.php?rest_route=\/wp\/v2\/pages\/748\/revisions"}],"predecessor-version":[{"id":850,"href":"https:\/\/r-pons.cz\/index.php?rest_route=\/wp\/v2\/pages\/748\/revisions\/850"}],"wp:attachment":[{"href":"https:\/\/r-pons.cz\/index.php?rest_route=%2Fwp%2Fv2%2Fmedia&parent=748"}],"curies":[{"name":"wp","href":"https:\/\/api.w.org\/{rel}","templated":true}]}}