{"id":747,"date":"2025-02-18T14:03:48","date_gmt":"2025-02-18T14:03:48","guid":{"rendered":"http:\/\/r-pons.cz\/?page_id=747"},"modified":"2025-09-16T06:15:18","modified_gmt":"2025-09-16T06:15:18","slug":"pracovni-mista","status":"publish","type":"page","link":"https:\/\/r-pons.cz\/?page_id=747","title":{"rendered":"Voln\u00e1 pracovn\u00ed m\u00edsta"},"content":{"rendered":"\t\t<div data-elementor-type=\"wp-page\" data-elementor-id=\"747\" class=\"elementor elementor-747\">\n\t\t\t\t<div class=\"elementor-element elementor-element-523f8751 e-flex e-con-boxed e-con e-parent\" data-id=\"523f8751\" data-element_type=\"container\">\n\t\t\t\t\t<div class=\"e-con-inner\">\n\t\t\t\t<div class=\"elementor-element elementor-element-6505b3e4 elementor-widget elementor-widget-text-editor\" data-id=\"6505b3e4\" data-element_type=\"widget\" data-widget_type=\"text-editor.default\">\n\t\t\t\t<div class=\"elementor-widget-container\">\n\t\t\t\t\t\t\t\t\t\n<p>Moment\u00e1ln\u011b m\u00e1me v\u0161echny pozice obsazen\u00e9.<br data-start=\"373\" data-end=\"376\" \/>Pokud ale hled\u00e1te pr\u00e1ci u n\u00e1s, ur\u010dit\u011b se sem brzy vra\u0165te \u2013 nov\u00e9 p\u0159\u00edle\u017eitosti zve\u0159ej\u0148ujeme pr\u00e1v\u011b na t\u00e9to str\u00e1nce.<\/p>\n\t\t\t\t\t\t\t\t<\/div>\n\t\t\t\t<\/div>\n\t\t\t\t\t<\/div>\n\t\t\t\t<\/div>\n\t\t\t\t<\/div>\n\t\t","protected":false},"excerpt":{"rendered":"<p>Moment\u00e1ln\u011b m\u00e1me v\u0161echny pozice obsazen\u00e9.Pokud ale hled\u00e1te pr\u00e1ci u n\u00e1s, ur\u010dit\u011b se sem brzy vra\u0165te \u2013 nov\u00e9 p\u0159\u00edle\u017eitosti zve\u0159ej\u0148ujeme pr\u00e1v\u011b na t\u00e9to str\u00e1nce.<\/p>\n","protected":false},"author":1,"featured_media":0,"parent":0,"menu_order":0,"comment_status":"closed","ping_status":"closed","template":"","meta":{"_monsterinsights_skip_tracking":false,"_monsterinsights_sitenote_active":false,"_monsterinsights_sitenote_note":"","_monsterinsights_sitenote_category":0,"footnotes":"","_links_to":"","_links_to_target":""},"class_list":["post-747","page","type-page","status-publish","hentry"],"aioseo_notices":[],"_links":{"self":[{"href":"https:\/\/r-pons.cz\/index.php?rest_route=\/wp\/v2\/pages\/747","targetHints":{"allow":["GET"]}}],"collection":[{"href":"https:\/\/r-pons.cz\/index.php?rest_route=\/wp\/v2\/pages"}],"about":[{"href":"https:\/\/r-pons.cz\/index.php?rest_route=\/wp\/v2\/types\/page"}],"author":[{"embeddable":true,"href":"https:\/\/r-pons.cz\/index.php?rest_route=\/wp\/v2\/users\/1"}],"replies":[{"embeddable":true,"href":"https:\/\/r-pons.cz\/index.php?rest_route=%2Fwp%2Fv2%2Fcomments&post=747"}],"version-history":[{"count":5,"href":"https:\/\/r-pons.cz\/index.php?rest_route=\/wp\/v2\/pages\/747\/revisions"}],"predecessor-version":[{"id":847,"href":"https:\/\/r-pons.cz\/index.php?rest_route=\/wp\/v2\/pages\/747\/revisions\/847"}],"wp:attachment":[{"href":"https:\/\/r-pons.cz\/index.php?rest_route=%2Fwp%2Fv2%2Fmedia&parent=747"}],"curies":[{"name":"wp","href":"https:\/\/api.w.org\/{rel}","templated":true}]}}