{"id":735,"date":"2025-02-18T14:03:39","date_gmt":"2025-02-18T14:03:39","guid":{"rendered":"http:\/\/r-pons.cz\/?page_id=735"},"modified":"2025-09-16T06:13:41","modified_gmt":"2025-09-16T06:13:41","slug":"lavky","status":"publish","type":"page","link":"https:\/\/r-pons.cz\/?page_id=735","title":{"rendered":"N\u00e1vestn\u00ed l\u00e1vky"},"content":{"rendered":"\t\t<div data-elementor-type=\"wp-page\" data-elementor-id=\"735\" class=\"elementor elementor-735\">\n\t\t\t\t<div class=\"elementor-element elementor-element-556bc363 e-flex e-con-boxed e-con e-parent\" data-id=\"556bc363\" data-element_type=\"container\">\n\t\t\t\t\t<div class=\"e-con-inner\">\n\t\t\t\t<div class=\"elementor-element elementor-element-1f1c5efe elementor-widget elementor-widget-text-editor\" data-id=\"1f1c5efe\" data-element_type=\"widget\" data-widget_type=\"text-editor.default\">\n\t\t\t\t<div class=\"elementor-widget-container\">\n\t\t\t\t\t\t\t\t\t\n<p>N\u00e1v\u011bstn\u00ed l\u00e1vky jsou pochoz\u00ed, p\u0159\u00edhradov\u00e9, sva\u0159ovan\u00e9 konstrukce tvo\u0159en\u00e9 \u0161esti hlavn\u00edmi d\u00edlci, kter\u00e9 jsou spojeny \u0161roubov\u00fdmi spoji. Slou\u017e\u00ed k um\u00edst\u011bn\u00ed n\u00e1v\u011bstidel, kter\u00e1 \u0159\u00edd\u00ed \u017eelezni\u010dn\u00ed dopravu. Rozm\u011br l\u00e1vek se li\u0161\u00ed v z\u00e1vislosti na reli\u00e9fu zemn\u00ed pl\u00e1n\u011b, obvykle dosahuj\u00ed d\u00e9lky 22-24 m. V\u00fd\u0161ka je pak d\u00e1na p\u0159\u00edmo p\u0159edpisem S\u017d, pohybuje se okolo 10 m.<\/p>\n\t\t\t\t\t\t\t\t<\/div>\n\t\t\t\t<\/div>\n\t\t\t\t\t<\/div>\n\t\t\t\t<\/div>\n\t\t\t\t<\/div>\n\t\t","protected":false},"excerpt":{"rendered":"<p>N\u00e1v\u011bstn\u00ed l\u00e1vky jsou pochoz\u00ed, p\u0159\u00edhradov\u00e9, sva\u0159ovan\u00e9 konstrukce tvo\u0159en\u00e9 \u0161esti hlavn\u00edmi d\u00edlci, kter\u00e9 jsou spojeny \u0161roubov\u00fdmi spoji. Slou\u017e\u00ed k um\u00edst\u011bn\u00ed n\u00e1v\u011bstidel, kter\u00e1 \u0159\u00edd\u00ed \u017eelezni\u010dn\u00ed dopravu. Rozm\u011br&#8230;<\/p>\n","protected":false},"author":1,"featured_media":0,"parent":0,"menu_order":0,"comment_status":"closed","ping_status":"closed","template":"","meta":{"_monsterinsights_skip_tracking":false,"_monsterinsights_sitenote_active":false,"_monsterinsights_sitenote_note":"","_monsterinsights_sitenote_category":0,"footnotes":"","_links_to":"","_links_to_target":""},"class_list":["post-735","page","type-page","status-publish","hentry"],"aioseo_notices":[],"_links":{"self":[{"href":"https:\/\/r-pons.cz\/index.php?rest_route=\/wp\/v2\/pages\/735","targetHints":{"allow":["GET"]}}],"collection":[{"href":"https:\/\/r-pons.cz\/index.php?rest_route=\/wp\/v2\/pages"}],"about":[{"href":"https:\/\/r-pons.cz\/index.php?rest_route=\/wp\/v2\/types\/page"}],"author":[{"embeddable":true,"href":"https:\/\/r-pons.cz\/index.php?rest_route=\/wp\/v2\/users\/1"}],"replies":[{"embeddable":true,"href":"https:\/\/r-pons.cz\/index.php?rest_route=%2Fwp%2Fv2%2Fcomments&post=735"}],"version-history":[{"count":5,"href":"https:\/\/r-pons.cz\/index.php?rest_route=\/wp\/v2\/pages\/735\/revisions"}],"predecessor-version":[{"id":782,"href":"https:\/\/r-pons.cz\/index.php?rest_route=\/wp\/v2\/pages\/735\/revisions\/782"}],"wp:attachment":[{"href":"https:\/\/r-pons.cz\/index.php?rest_route=%2Fwp%2Fv2%2Fmedia&parent=735"}],"curies":[{"name":"wp","href":"https:\/\/api.w.org\/{rel}","templated":true}]}}