{"id":709,"date":"2025-02-18T09:38:21","date_gmt":"2025-02-18T09:38:21","guid":{"rendered":"http:\/\/r-pons.cz\/?page_id=709"},"modified":"2025-09-16T06:14:49","modified_gmt":"2025-09-16T06:14:49","slug":"stredni-a-vetsi-ocelove-konstrukce","status":"publish","type":"page","link":"https:\/\/r-pons.cz\/?page_id=709","title":{"rendered":"St\u0159edn\u00ed a v\u011bt\u0161\u00ed ocelov\u00e9 konstrukce"},"content":{"rendered":"\t\t<div data-elementor-type=\"wp-page\" data-elementor-id=\"709\" class=\"elementor elementor-709\">\n\t\t\t\t<div class=\"elementor-element elementor-element-7dcaec8 e-flex e-con-boxed e-con e-parent\" data-id=\"7dcaec8\" data-element_type=\"container\">\n\t\t\t\t\t<div class=\"e-con-inner\">\n\t\t\t\t<div class=\"elementor-element elementor-element-777946ca elementor-widget elementor-widget-text-editor\" data-id=\"777946ca\" data-element_type=\"widget\" data-widget_type=\"text-editor.default\">\n\t\t\t\t<div class=\"elementor-widget-container\">\n\t\t\t\t\t\t\t\t\t<ul>\n<li><a title=\"N\u00e1stupi\u0161tn\u00ed p\u0159\u00edst\u0159e\u0161ky\" href=\"http:\/\/r-pons.cz\/?page_id=695\">N\u00e1stupi\u0161tn\u00ed p\u0159\u00edst\u0159e\u0161ky<\/a><\/li>\n<li><a title=\"Z\u00e1bradl\u00ed\" href=\"http:\/\/r-pons.cz\/?page_id=702\">Z\u00e1bradl\u00ed<\/a><\/li>\n<\/ul>\t\t\t\t\t\t\t\t<\/div>\n\t\t\t\t<\/div>\n\t\t\t\t\t<\/div>\n\t\t\t\t<\/div>\n\t\t\t\t<\/div>\n\t\t","protected":false},"excerpt":{"rendered":"<p>N\u00e1stupi\u0161tn\u00ed p\u0159\u00edst\u0159e\u0161ky Z\u00e1bradl\u00ed<\/p>\n","protected":false},"author":1,"featured_media":0,"parent":0,"menu_order":0,"comment_status":"closed","ping_status":"closed","template":"","meta":{"_monsterinsights_skip_tracking":false,"_monsterinsights_sitenote_active":false,"_monsterinsights_sitenote_note":"","_monsterinsights_sitenote_category":0,"footnotes":"","_links_to":"","_links_to_target":""},"class_list":["post-709","page","type-page","status-publish","hentry"],"aioseo_notices":[],"_links":{"self":[{"href":"https:\/\/r-pons.cz\/index.php?rest_route=\/wp\/v2\/pages\/709","targetHints":{"allow":["GET"]}}],"collection":[{"href":"https:\/\/r-pons.cz\/index.php?rest_route=\/wp\/v2\/pages"}],"about":[{"href":"https:\/\/r-pons.cz\/index.php?rest_route=\/wp\/v2\/types\/page"}],"author":[{"embeddable":true,"href":"https:\/\/r-pons.cz\/index.php?rest_route=\/wp\/v2\/users\/1"}],"replies":[{"embeddable":true,"href":"https:\/\/r-pons.cz\/index.php?rest_route=%2Fwp%2Fv2%2Fcomments&post=709"}],"version-history":[{"count":3,"href":"https:\/\/r-pons.cz\/index.php?rest_route=\/wp\/v2\/pages\/709\/revisions"}],"predecessor-version":[{"id":712,"href":"https:\/\/r-pons.cz\/index.php?rest_route=\/wp\/v2\/pages\/709\/revisions\/712"}],"wp:attachment":[{"href":"https:\/\/r-pons.cz\/index.php?rest_route=%2Fwp%2Fv2%2Fmedia&parent=709"}],"curies":[{"name":"wp","href":"https:\/\/api.w.org\/{rel}","templated":true}]}}