{"id":702,"date":"2025-02-18T09:30:35","date_gmt":"2025-02-18T09:30:35","guid":{"rendered":"http:\/\/r-pons.cz\/?page_id=702"},"modified":"2025-09-16T06:15:43","modified_gmt":"2025-09-16T06:15:43","slug":"zabradli","status":"publish","type":"page","link":"https:\/\/r-pons.cz\/?page_id=702","title":{"rendered":"Z\u00e1bradl\u00ed"},"content":{"rendered":"\t\t<div data-elementor-type=\"wp-page\" data-elementor-id=\"702\" class=\"elementor elementor-702\">\n\t\t\t\t<div class=\"elementor-element elementor-element-521f80c e-flex e-con-boxed e-con e-parent\" data-id=\"521f80c\" data-element_type=\"container\">\n\t\t\t\t\t<div class=\"e-con-inner\">\n\t\t\t\t<div class=\"elementor-element elementor-element-795480ac elementor-widget elementor-widget-text-editor\" data-id=\"795480ac\" data-element_type=\"widget\" data-widget_type=\"text-editor.default\">\n\t\t\t\t<div class=\"elementor-widget-container\">\n\t\t\t\t\t\t\t\t\t\n<h2>Jsme schopni vyrobit v\u0161echny typy z\u00e1bradl\u00ed:<\/h2>\n<ul>\n<li>silni\u010dn\u00ed<\/li>\n<li>mostn\u00ed se svislou v\u00fdpln\u00ed, trubkov\u00e9<\/li>\n<li>balkonov\u00e9<\/li>\n<li>schodi\u0161\u0165ov\u00e9<\/li>\n<li>protidotykov\u00e9 z\u00e1brany<\/li>\n<li>svodidla mostn\u00ed, z\u00e1bradeln\u00ed<\/li>\n<\/ul>\n\t\t\t\t\t\t\t\t<\/div>\n\t\t\t\t<\/div>\n\t\t\t\t\t<\/div>\n\t\t\t\t<\/div>\n\t\t<div class=\"elementor-element elementor-element-ff8fc95 e-flex e-con-boxed e-con e-parent\" data-id=\"ff8fc95\" data-element_type=\"container\">\n\t\t\t\t\t<div class=\"e-con-inner\">\n\t\t\t\t<div class=\"elementor-element elementor-element-d85396f elementor-widget elementor-widget-doro-gallery\" data-id=\"d85396f\" data-element_type=\"widget\" data-widget_type=\"doro-gallery.default\">\n\t\t\t\t<div class=\"elementor-widget-container\">\n\t\t\t\t\t\t\t\n\t\t\t\t<div class=\"container-after-gallery sec-gallery\">\n\t\t<div class=\"row isotope-items-wrap  no-hide-last loadmore-wrapper-gallery\" data-load-item=\"10000000\" >\t\n\t\t\t\t\n\t\t\t\t\t\t\n\t\t\t\t\t\t\n\t\t\t\t<div class=\"col-md-4 gallery-item isotope-item \">\t\t\t\t\t\n\t\t\t\t\t<figure>\t\n\t\t\t\t\t\t<a class=\"d-block mb-4\" data-fancybox=\"images\" href=\"http:\/\/r-pons.cz\/wp-content\/uploads\/2019\/06\/03-2.jpg\" data-caption=\"\"> <img decoding=\"async\" class=\"img-fluid\" src=\"http:\/\/r-pons.cz\/wp-content\/uploads\/2019\/06\/03-2.jpg\" alt=\"\" \/> <\/a>\t\t\t\t\t\t\t\t\t\t\t\n\t\t\t\t\t<\/figure>\t\n\t\t\t\t<\/div>\t\n\t\t\t\t\n\t\t\t\t\t\t\n\t\t\t\t\t\t\n\t\t\t\t<div class=\"col-md-4 gallery-item isotope-item \">\t\t\t\t\t\n\t\t\t\t\t<figure>\t\n\t\t\t\t\t\t<a class=\"d-block mb-4\" data-fancybox=\"images\" href=\"http:\/\/r-pons.cz\/wp-content\/uploads\/2019\/06\/02-2-1.jpg\" data-caption=\"\"> <img decoding=\"async\" class=\"img-fluid\" src=\"http:\/\/r-pons.cz\/wp-content\/uploads\/2019\/06\/02-2-1.jpg\" alt=\"\" \/> <\/a>\t\t\t\t\t\t\t\t\t\t\t\n\t\t\t\t\t<\/figure>\t\n\t\t\t\t<\/div>\t\n\t\t\t\t\n\t\t\t\t\t\t\n\t\t\t\t\t\t\n\t\t\t\t<div class=\"col-md-4 gallery-item isotope-item \">\t\t\t\t\t\n\t\t\t\t\t<figure>\t\n\t\t\t\t\t\t<a class=\"d-block mb-4\" data-fancybox=\"images\" href=\"http:\/\/r-pons.cz\/wp-content\/uploads\/2019\/06\/01-2.jpg\" data-caption=\"\"> <img decoding=\"async\" class=\"img-fluid\" src=\"http:\/\/r-pons.cz\/wp-content\/uploads\/2019\/06\/01-2.jpg\" alt=\"\" \/> <\/a>\t\t\t\t\t\t\t\t\t\t\t\n\t\t\t\t\t<\/figure>\t\n\t\t\t\t<\/div>\t\n\t\t\t\t\n\t\t<\/div>\t\t\n\t\t<\/div>\t\t\n\n        \t\t\t\t<\/div>\n\t\t\t\t<\/div>\n\t\t\t\t\t<\/div>\n\t\t\t\t<\/div>\n\t\t\t\t<\/div>\n\t\t","protected":false},"excerpt":{"rendered":"<p>Jsme schopni vyrobit v\u0161echny typy z\u00e1bradl\u00ed: silni\u010dn\u00ed mostn\u00ed se svislou v\u00fdpln\u00ed, trubkov\u00e9 balkonov\u00e9 schodi\u0161\u0165ov\u00e9 protidotykov\u00e9 z\u00e1brany svodidla mostn\u00ed, z\u00e1bradeln\u00ed<\/p>\n","protected":false},"author":1,"featured_media":0,"parent":0,"menu_order":0,"comment_status":"closed","ping_status":"closed","template":"","meta":{"_monsterinsights_skip_tracking":false,"_monsterinsights_sitenote_active":false,"_monsterinsights_sitenote_note":"","_monsterinsights_sitenote_category":0,"footnotes":"","_links_to":"","_links_to_target":""},"class_list":["post-702","page","type-page","status-publish","hentry"],"aioseo_notices":[],"_links":{"self":[{"href":"https:\/\/r-pons.cz\/index.php?rest_route=\/wp\/v2\/pages\/702","targetHints":{"allow":["GET"]}}],"collection":[{"href":"https:\/\/r-pons.cz\/index.php?rest_route=\/wp\/v2\/pages"}],"about":[{"href":"https:\/\/r-pons.cz\/index.php?rest_route=\/wp\/v2\/types\/page"}],"author":[{"embeddable":true,"href":"https:\/\/r-pons.cz\/index.php?rest_route=\/wp\/v2\/users\/1"}],"replies":[{"embeddable":true,"href":"https:\/\/r-pons.cz\/index.php?rest_route=%2Fwp%2Fv2%2Fcomments&post=702"}],"version-history":[{"count":6,"href":"https:\/\/r-pons.cz\/index.php?rest_route=\/wp\/v2\/pages\/702\/revisions"}],"predecessor-version":[{"id":804,"href":"https:\/\/r-pons.cz\/index.php?rest_route=\/wp\/v2\/pages\/702\/revisions\/804"}],"wp:attachment":[{"href":"https:\/\/r-pons.cz\/index.php?rest_route=%2Fwp%2Fv2%2Fmedia&parent=702"}],"curies":[{"name":"wp","href":"https:\/\/api.w.org\/{rel}","templated":true}]}}