{"id":695,"date":"2025-02-18T09:24:02","date_gmt":"2025-02-18T09:24:02","guid":{"rendered":"http:\/\/r-pons.cz\/?page_id=695"},"modified":"2025-09-16T06:13:33","modified_gmt":"2025-09-16T06:13:33","slug":"nastupiste","status":"publish","type":"page","link":"https:\/\/r-pons.cz\/?page_id=695","title":{"rendered":"N\u00e1stupi\u0161tn\u00ed p\u0159\u00edst\u0159e\u0161ky"},"content":{"rendered":"\t\t<div data-elementor-type=\"wp-page\" data-elementor-id=\"695\" class=\"elementor elementor-695\">\n\t\t\t\t<div class=\"elementor-element elementor-element-5c3e6ff1 e-flex e-con-boxed e-con e-parent\" data-id=\"5c3e6ff1\" data-element_type=\"container\">\n\t\t\t\t\t<div class=\"e-con-inner\">\n\t\t\t\t<div class=\"elementor-element elementor-element-3906a2cf elementor-widget elementor-widget-text-editor\" data-id=\"3906a2cf\" data-element_type=\"widget\" data-widget_type=\"text-editor.default\">\n\t\t\t\t<div class=\"elementor-widget-container\">\n\t\t\t\t\t\t\t\t\t<p><\/p>\n<h2>Vyr\u00e1b\u00edme n\u00e1stupi\u0161tn\u00ed p\u0159\u00edst\u0159e\u0161ky tzv. &#8220;vla\u0161tovky&#8221;:<\/h2>\n<p>Vyr\u00e1b\u00edme nad\u010dasov\u00e9 ov\u011b\u0159en\u00e9 funk\u010dn\u00ed p\u0159\u00edst\u0159e\u0161ky pro r\u016fzn\u00e9 vyu\u017eit\u00ed na n\u00e1stupi\u0161t\u00edch a zast\u00e1vk\u00e1ch.<\/p>\n<p>Barevn\u00e9 proveden\u00ed, stejn\u011b tak povrchovou \u00fapravu \u010di vybaven\u00ed a rozm\u011bry p\u0159\u00edst\u0159e\u0161ku je mo\u017en\u00e9 uzp\u016fsobit konkr\u00e9tn\u00edm pot\u0159eb\u00e1m. Samoz\u0159ejmost\u00ed je tak\u00e9 zaji\u0161t\u011bn\u00ed logistiky hotov\u00fdch p\u0159\u00edst\u0159e\u0161k\u016f na m\u00edsto ur\u010den\u00ed a \u00a0zajist\u011bn\u00ed jejich mont\u00e1\u017ee.<\/p>\n<p><\/p>\t\t\t\t\t\t\t\t<\/div>\n\t\t\t\t<\/div>\n\t\t\t\t\t<\/div>\n\t\t\t\t<\/div>\n\t\t<div class=\"elementor-element elementor-element-a591604 e-flex e-con-boxed e-con e-parent\" data-id=\"a591604\" data-element_type=\"container\">\n\t\t\t\t\t<div class=\"e-con-inner\">\n\t\t\t\t<div class=\"elementor-element elementor-element-ce63762 elementor-widget elementor-widget-doro-gallery\" data-id=\"ce63762\" data-element_type=\"widget\" data-widget_type=\"doro-gallery.default\">\n\t\t\t\t<div class=\"elementor-widget-container\">\n\t\t\t\t\t\t\t\n\t\t\t\t<div class=\"container-after-gallery sec-gallery\">\n\t\t<div class=\"row isotope-items-wrap  no-hide-last loadmore-wrapper-gallery\" data-load-item=\"10000000\" >\t\n\t\t\t\t\n\t\t\t\t\t\t\n\t\t\t\t\t\t\n\t\t\t\t<div class=\"col-md-4 gallery-item isotope-item \">\t\t\t\t\t\n\t\t\t\t\t<figure>\t\n\t\t\t\t\t\t<a class=\"d-block mb-4\" data-fancybox=\"images\" href=\"http:\/\/r-pons.cz\/wp-content\/uploads\/2019\/06\/services-1.jpg\" data-caption=\"\"> <img decoding=\"async\" class=\"img-fluid\" src=\"http:\/\/r-pons.cz\/wp-content\/uploads\/2019\/06\/services-1.jpg\" alt=\"\" \/> <\/a>\t\t\t\t\t\t\t\t\t\t\t\n\t\t\t\t\t<\/figure>\t\n\t\t\t\t<\/div>\t\n\t\t\t\t\n\t\t\t\t\t\t\n\t\t\t\t\t\t\n\t\t\t\t<div class=\"col-md-4 gallery-item isotope-item \">\t\t\t\t\t\n\t\t\t\t\t<figure>\t\n\t\t\t\t\t\t<a class=\"d-block mb-4\" data-fancybox=\"images\" href=\"http:\/\/r-pons.cz\/wp-content\/uploads\/2019\/06\/03-1.jpg\" data-caption=\"\"> <img decoding=\"async\" class=\"img-fluid\" src=\"http:\/\/r-pons.cz\/wp-content\/uploads\/2019\/06\/03-1.jpg\" alt=\"\" \/> <\/a>\t\t\t\t\t\t\t\t\t\t\t\n\t\t\t\t\t<\/figure>\t\n\t\t\t\t<\/div>\t\n\t\t\t\t\n\t\t\t\t\t\t\n\t\t\t\t\t\t\n\t\t\t\t<div class=\"col-md-4 gallery-item isotope-item \">\t\t\t\t\t\n\t\t\t\t\t<figure>\t\n\t\t\t\t\t\t<a class=\"d-block mb-4\" data-fancybox=\"images\" href=\"http:\/\/r-pons.cz\/wp-content\/uploads\/2019\/06\/03-2-1.jpg\" data-caption=\"\"> <img decoding=\"async\" class=\"img-fluid\" src=\"http:\/\/r-pons.cz\/wp-content\/uploads\/2019\/06\/03-2-1.jpg\" alt=\"\" \/> <\/a>\t\t\t\t\t\t\t\t\t\t\t\n\t\t\t\t\t<\/figure>\t\n\t\t\t\t<\/div>\t\n\t\t\t\t\n\t\t<\/div>\t\t\n\t\t<\/div>\t\t\n\n        \t\t\t\t<\/div>\n\t\t\t\t<\/div>\n\t\t\t\t\t<\/div>\n\t\t\t\t<\/div>\n\t\t\t\t<\/div>\n\t\t","protected":false},"excerpt":{"rendered":"<p>Vyr\u00e1b\u00edme n\u00e1stupi\u0161tn\u00ed p\u0159\u00edst\u0159e\u0161ky tzv. &#8220;vla\u0161tovky&#8221;: Vyr\u00e1b\u00edme nad\u010dasov\u00e9 ov\u011b\u0159en\u00e9 funk\u010dn\u00ed p\u0159\u00edst\u0159e\u0161ky pro r\u016fzn\u00e9 vyu\u017eit\u00ed na n\u00e1stupi\u0161t\u00edch a zast\u00e1vk\u00e1ch. Barevn\u00e9 proveden\u00ed, stejn\u011b tak povrchovou \u00fapravu \u010di vybaven\u00ed&#8230;<\/p>\n","protected":false},"author":1,"featured_media":0,"parent":0,"menu_order":0,"comment_status":"closed","ping_status":"closed","template":"","meta":{"_monsterinsights_skip_tracking":false,"_monsterinsights_sitenote_active":false,"_monsterinsights_sitenote_note":"","_monsterinsights_sitenote_category":0,"footnotes":"","_links_to":"","_links_to_target":""},"class_list":["post-695","page","type-page","status-publish","hentry"],"aioseo_notices":[],"_links":{"self":[{"href":"https:\/\/r-pons.cz\/index.php?rest_route=\/wp\/v2\/pages\/695","targetHints":{"allow":["GET"]}}],"collection":[{"href":"https:\/\/r-pons.cz\/index.php?rest_route=\/wp\/v2\/pages"}],"about":[{"href":"https:\/\/r-pons.cz\/index.php?rest_route=\/wp\/v2\/types\/page"}],"author":[{"embeddable":true,"href":"https:\/\/r-pons.cz\/index.php?rest_route=\/wp\/v2\/users\/1"}],"replies":[{"embeddable":true,"href":"https:\/\/r-pons.cz\/index.php?rest_route=%2Fwp%2Fv2%2Fcomments&post=695"}],"version-history":[{"count":6,"href":"https:\/\/r-pons.cz\/index.php?rest_route=\/wp\/v2\/pages\/695\/revisions"}],"predecessor-version":[{"id":701,"href":"https:\/\/r-pons.cz\/index.php?rest_route=\/wp\/v2\/pages\/695\/revisions\/701"}],"wp:attachment":[{"href":"https:\/\/r-pons.cz\/index.php?rest_route=%2Fwp%2Fv2%2Fmedia&parent=695"}],"curies":[{"name":"wp","href":"https:\/\/api.w.org\/{rel}","templated":true}]}}