{"id":635,"date":"2019-03-27T06:17:20","date_gmt":"2019-03-27T06:17:20","guid":{"rendered":"http:\/\/localhost\/doro\/?page_id=11"},"modified":"2026-01-22T07:01:23","modified_gmt":"2026-01-22T07:01:23","slug":"contact","status":"publish","type":"page","link":"https:\/\/r-pons.cz\/?page_id=635","title":{"rendered":"Kontakty"},"content":{"rendered":"\t\t<div data-elementor-type=\"wp-page\" data-elementor-id=\"635\" class=\"elementor elementor-635\">\n\t\t\t\t\t\t<section class=\"elementor-section elementor-top-section elementor-element elementor-element-404db5f7 elementor-section-full_width elementor-section-height-default elementor-section-height-default\" data-id=\"404db5f7\" data-element_type=\"section\">\n\t\t\t\t\t\t<div class=\"elementor-container elementor-column-gap-default\">\n\t\t\t\t\t<div class=\"elementor-column elementor-col-100 elementor-top-column elementor-element elementor-element-53963078\" data-id=\"53963078\" data-element_type=\"column\">\n\t\t\t<div class=\"elementor-widget-wrap elementor-element-populated\">\n\t\t\t\t\t\t<div class=\"elementor-section elementor-inner-section elementor-element elementor-element-5106afd1 elementor-section-boxed elementor-section-height-default elementor-section-height-default\" data-id=\"5106afd1\" data-element_type=\"section\">\n\t\t\t\t\t\t<div class=\"elementor-container elementor-column-gap-default\">\n\t\t\t\t\t<div class=\"elementor-column elementor-col-100 elementor-inner-column elementor-element elementor-element-56ae5fb7\" data-id=\"56ae5fb7\" data-element_type=\"column\">\n\t\t\t<div class=\"elementor-widget-wrap elementor-element-populated\">\n\t\t\t\t\t\t<div class=\"elementor-element elementor-element-61321d9e animated-slow elementor-widget elementor-widget-doro-title\" data-id=\"61321d9e\" data-element_type=\"widget\" data-settings=\"{&quot;_animation&quot;:&quot;none&quot;}\" data-widget_type=\"doro-title.default\">\n\t\t\t\t<div class=\"elementor-widget-container\">\n\t\t\t\t\t\t\t\n\t\t<div class=\"sec-title text-left\">\n            \t\t\t\n\t\t\t\t\n\t\t\t\t\t\t\t\t<h2 class=\"doro-heading\">Kontaktujte n\u00e1s...<\/h2>\n\t\t\t\t\t\n\t\t\t\t\n        <\/div> \n\t\t\t\n        \t\t\t\t<\/div>\n\t\t\t\t<\/div>\n\t\t\t\t\t<\/div>\n\t\t<\/div>\n\t\t\t\t\t<\/div>\n\t\t<\/div>\n\t\t\t\t<div class=\"elementor-section elementor-inner-section elementor-element elementor-element-300d18a8 animated-slow elementor-section-boxed elementor-section-height-default elementor-section-height-default\" data-id=\"300d18a8\" data-element_type=\"section\" data-settings=\"{&quot;animation&quot;:&quot;none&quot;}\">\n\t\t\t\t\t\t<div class=\"elementor-container elementor-column-gap-default\">\n\t\t\t\t\t<div class=\"elementor-column elementor-col-100 elementor-inner-column elementor-element elementor-element-32eb285e\" data-id=\"32eb285e\" data-element_type=\"column\">\n\t\t\t<div class=\"elementor-widget-wrap elementor-element-populated\">\n\t\t\t\t\t\t<div class=\"elementor-element elementor-element-84c8624 animated-slow elementor-widget elementor-widget-doro-map\" data-id=\"84c8624\" data-element_type=\"widget\" data-settings=\"{&quot;_animation&quot;:&quot;none&quot;}\" data-widget_type=\"doro-map.default\">\n\t\t\t\t<div class=\"elementor-widget-container\">\n\t\t\t\t\t\n\t\t\t\t\t\n\t\t\n\t\t<div class=\"sec-gmap\">\n            <div class=\"map-container\">\n\t\t\t\t<div id=\"map-single\" class=\"map\" data-map-back=\"\/\/{s}.basemaps.cartocdn.com\/light_all\/{z}\/{x}\/{y}.png\" data-latlog=\"[50.458555, 13.363064]\" data-popuptext=\"Provozovna: Karlovarsk\u00e1 5329, 430 01 Chomutov\"  data-popupicon=\"https:\/\/webredox.net\/images\/mapmarker.png\"><\/div>\t\t\t\t\n\t\t    <\/div>\t\t\t\n\t\t<\/div>\t\t\n\t\t\n\t\t\t\n        \t\t\t\t<\/div>\n\t\t\t\t<\/div>\n\t\t\t\t\t<\/div>\n\t\t<\/div>\n\t\t\t\t\t<\/div>\n\t\t<\/div>\n\t\t\t\t\t<\/div>\n\t\t<\/div>\n\t\t\t\t\t<\/div>\n\t\t<\/section>\n\t\t\t\t<section class=\"elementor-section elementor-top-section elementor-element elementor-element-6ee43a4 elementor-section-full_width elementor-section-height-default elementor-section-height-default\" data-id=\"6ee43a4\" data-element_type=\"section\">\n\t\t\t\t\t\t<div class=\"elementor-container elementor-column-gap-default\">\n\t\t\t\t\t<div class=\"elementor-column elementor-col-100 elementor-top-column elementor-element elementor-element-6554d6\" data-id=\"6554d6\" data-element_type=\"column\">\n\t\t\t<div class=\"elementor-widget-wrap elementor-element-populated\">\n\t\t\t\t\t\t<div class=\"elementor-section elementor-inner-section elementor-element elementor-element-51882528 elementor-section-boxed elementor-section-height-default elementor-section-height-default\" data-id=\"51882528\" data-element_type=\"section\">\n\t\t\t\t\t\t<div class=\"elementor-container elementor-column-gap-extended\">\n\t\t\t\t\t<div class=\"elementor-column elementor-col-50 elementor-inner-column elementor-element elementor-element-7596cbfc\" data-id=\"7596cbfc\" data-element_type=\"column\">\n\t\t\t<div class=\"elementor-widget-wrap elementor-element-populated\">\n\t\t\t\t\t\t<div class=\"elementor-element elementor-element-0cc0b0d animated-slow elementor-widget elementor-widget-doro-text\" data-id=\"0cc0b0d\" data-element_type=\"widget\" data-settings=\"{&quot;_animation&quot;:&quot;none&quot;}\" data-widget_type=\"doro-text.default\">\n\t\t\t\t<div class=\"elementor-widget-container\">\n\t\t\t\t\t\t\t\n\t\t<div class=\"sec-text\">\n\t\t    <h4><strong>Kontakty:<\/strong><\/h4>\t\t<\/div>\t\n\t\t\n\t\t\t\n        \t\t\t\t<\/div>\n\t\t\t\t<\/div>\n\t\t\t\t<div class=\"elementor-element elementor-element-d4c855e animated-slow elementor-widget elementor-widget-doro-contact\" data-id=\"d4c855e\" data-element_type=\"widget\" data-settings=\"{&quot;_animation&quot;:&quot;none&quot;}\" data-widget_type=\"doro-contact.default\">\n\t\t\t\t<div class=\"elementor-widget-container\">\n\t\t\t\t\t        \n\t\t<div class=\"sec-contact-info\">\t\t    \n\t\t\t\t\t\t\n\t\t\t\t\t\t\t\t\t\t\t\t\t\t\t\n\t\t\t\t\t    <p><i class=\"et-phone\"><\/i> <a href=\"tel:+420 720 777 707\">+420 720 777 707<\/a><\/p> \t\t\t\t\t\n\t\t\t\t\t\t \n\n\t\t\t\t\t\t\t\t\t\t\t\t\t\t\t \n\t\t\t\t\t\t<p><i class=\"et-envelope\"><\/i> <a href=\"mailto:info@r-pons.cz\">info@r-pons.cz<\/a><\/p> \n\t\t\t\t\t\t \n\n\t\t\t\t\t\t\t\t\t\t\t\t\t\t    <p><i class=\"et-map-pin\"><\/i> \t S\u00eddlo: \u010celakovsk\u00e9ho 4297,  430 01 Chomutov\t <\/p>\n\t\t\t\t\t\t \n\n\t\t\t\t\t\t\t\t\t\t\t\t\t\t    <p><i class=\"et-map-pin\"><\/i> \t Provozovna: Karlovarsk\u00e1 5329, 430 01 Chomutov \t <\/p>\n\t\t\t\t\t\t \n\n\t\t\t\t\t\t\t\t\n        <\/div>\n\t\t\n        \t\t\t\t<\/div>\n\t\t\t\t<\/div>\n\t\t\t\t<div class=\"elementor-element elementor-element-8b88822 elementor-widget elementor-widget-spacer\" data-id=\"8b88822\" data-element_type=\"widget\" data-widget_type=\"spacer.default\">\n\t\t\t\t<div class=\"elementor-widget-container\">\n\t\t\t\t\t\t\t<div class=\"elementor-spacer\">\n\t\t\t<div class=\"elementor-spacer-inner\"><\/div>\n\t\t<\/div>\n\t\t\t\t\t\t<\/div>\n\t\t\t\t<\/div>\n\t\t\t\t<div class=\"elementor-element elementor-element-7a13b4d elementor-widget elementor-widget-text-editor\" data-id=\"7a13b4d\" data-element_type=\"widget\" data-widget_type=\"text-editor.default\">\n\t\t\t\t<div class=\"elementor-widget-container\">\n\t\t\t\t\t\t\t\t\t<h6>Jind\u0159ich Svoboda, <em>provozn\u00ed \u0159editel<\/em><\/h6>\t\t\t\t\t\t\t\t<\/div>\n\t\t\t\t<\/div>\n\t\t\t\t<div class=\"elementor-element elementor-element-df0acbb animated-slow elementor-widget elementor-widget-doro-contact\" data-id=\"df0acbb\" data-element_type=\"widget\" data-settings=\"{&quot;_animation&quot;:&quot;none&quot;}\" data-widget_type=\"doro-contact.default\">\n\t\t\t\t<div class=\"elementor-widget-container\">\n\t\t\t\t\t        \n\t\t<div class=\"sec-contact-info\">\t\t    \n\t\t\t\t\t\t\n\t\t\t\t\t\t\t\t\t\t\t\t\t\t\t\n\t\t\t\t\t    <p><i class=\"et-phone\"><\/i> <a href=\"tel:+420 720 777 707\">+420 720 777 707<\/a><\/p> \t\t\t\t\t\n\t\t\t\t\t\t \n\n\t\t\t\t\t\t\t\t\t\t\t\t\t\t\t \n\t\t\t\t\t\t<p><i class=\"et-envelope\"><\/i> <a href=\"mailto:svoboda@r-pons.cz\">svoboda@r-pons.cz<\/a><\/p> \n\t\t\t\t\t\t \n\n\t\t\t\t\t\t\t\t\n        <\/div>\n\t\t\n        \t\t\t\t<\/div>\n\t\t\t\t<\/div>\n\t\t\t\t<div class=\"elementor-element elementor-element-623c3d2 elementor-widget elementor-widget-text-editor\" data-id=\"623c3d2\" data-element_type=\"widget\" data-widget_type=\"text-editor.default\">\n\t\t\t\t<div class=\"elementor-widget-container\">\n\t\t\t\t\t\t\t\t\t<h6>Jana M\u00fcller, DiS., <em>hlavn\u00ed \u00fa\u010detn\u00ed<\/em><\/h6>\t\t\t\t\t\t\t\t<\/div>\n\t\t\t\t<\/div>\n\t\t\t\t<div class=\"elementor-element elementor-element-0b12899 animated-slow elementor-widget elementor-widget-doro-contact\" data-id=\"0b12899\" data-element_type=\"widget\" data-settings=\"{&quot;_animation&quot;:&quot;none&quot;}\" data-widget_type=\"doro-contact.default\">\n\t\t\t\t<div class=\"elementor-widget-container\">\n\t\t\t\t\t        \n\t\t<div class=\"sec-contact-info\">\t\t    \n\t\t\t\t\t\t\n\t\t\t\t\t\t\t\t\t\t\t\t\t\t\t\n\t\t\t\t\t    <p><i class=\"et-phone\"><\/i> <a href=\"tel:+420 607 702 530\">+420 607 702 530<\/a><\/p> \t\t\t\t\t\n\t\t\t\t\t\t \n\n\t\t\t\t\t\t\t\t\t\t\t\t\t\t\t \n\t\t\t\t\t\t<p><i class=\"et-envelope\"><\/i> <a href=\"mailto:muller@r-pons.cz\">muller@r-pons.cz<\/a><\/p> \n\t\t\t\t\t\t \n\n\t\t\t\t\t\t\t\t\n        <\/div>\n\t\t\n        \t\t\t\t<\/div>\n\t\t\t\t<\/div>\n\t\t\t\t<div class=\"elementor-element elementor-element-baf1464 elementor-widget elementor-widget-text-editor\" data-id=\"baf1464\" data-element_type=\"widget\" data-widget_type=\"text-editor.default\">\n\t\t\t\t<div class=\"elementor-widget-container\">\n\t\t\t\t\t\t\t\t\t<h6>Ond\u0159ej \u0160peci\u00e1n, <em>p\u0159\u00edprava a rozpo\u010dty<\/em><\/h6>\t\t\t\t\t\t\t\t<\/div>\n\t\t\t\t<\/div>\n\t\t\t\t<div class=\"elementor-element elementor-element-06ca6e2 animated-slow elementor-widget elementor-widget-doro-contact\" data-id=\"06ca6e2\" data-element_type=\"widget\" data-settings=\"{&quot;_animation&quot;:&quot;none&quot;}\" data-widget_type=\"doro-contact.default\">\n\t\t\t\t<div class=\"elementor-widget-container\">\n\t\t\t\t\t        \n\t\t<div class=\"sec-contact-info\">\t\t    \n\t\t\t\t\t\t\n\t\t\t\t\t\t\t\t\t\t\t\t\t\t\t\n\t\t\t\t\t    <p><i class=\"et-phone\"><\/i> <a href=\"tel:+420 725 954 392\">+420 725 954 392<\/a><\/p> \t\t\t\t\t\n\t\t\t\t\t\t \n\n\t\t\t\t\t\t\t\t\t\t\t\t\t\t\t \n\t\t\t\t\t\t<p><i class=\"et-envelope\"><\/i> <a href=\"mailto:specian@r-pons.cz\">specian@r-pons.cz<\/a><\/p> \n\t\t\t\t\t\t \n\n\t\t\t\t\t\t\t\t\n        <\/div>\n\t\t\n        \t\t\t\t<\/div>\n\t\t\t\t<\/div>\n\t\t\t\t<div class=\"elementor-element elementor-element-1e91768 elementor-widget elementor-widget-text-editor\" data-id=\"1e91768\" data-element_type=\"widget\" data-widget_type=\"text-editor.default\">\n\t\t\t\t<div class=\"elementor-widget-container\">\n\t\t\t\t\t\t\t\t\t<h6>Jaroslav Bal\u00e1\u017e, <em>mistr v\u00fdroby<\/em><\/h6>\t\t\t\t\t\t\t\t<\/div>\n\t\t\t\t<\/div>\n\t\t\t\t<div class=\"elementor-element elementor-element-71fb929 animated-slow elementor-widget elementor-widget-doro-contact\" data-id=\"71fb929\" data-element_type=\"widget\" data-settings=\"{&quot;_animation&quot;:&quot;none&quot;}\" data-widget_type=\"doro-contact.default\">\n\t\t\t\t<div class=\"elementor-widget-container\">\n\t\t\t\t\t        \n\t\t<div class=\"sec-contact-info\">\t\t    \n\t\t\t\t\t\t\n\t\t\t\t\t\t\t\t\t\t\t\t\t\t\t\n\t\t\t\t\t    <p><i class=\"et-phone\"><\/i> <a href=\"tel:+420 727 881 326\">+420 727 881 326<\/a><\/p> \t\t\t\t\t\n\t\t\t\t\t\t \n\n\t\t\t\t\t\t\t\t\t\t\t\t\t\t\t \n\t\t\t\t\t\t<p><i class=\"et-envelope\"><\/i> <a href=\"mailto:balaz@r-pons.cz\">balaz@r-pons.cz<\/a><\/p> \n\t\t\t\t\t\t \n\n\t\t\t\t\t\t\t\t\n        <\/div>\n\t\t\n        \t\t\t\t<\/div>\n\t\t\t\t<\/div>\n\t\t\t\t\t<\/div>\n\t\t<\/div>\n\t\t\t\t<div class=\"elementor-column elementor-col-50 elementor-inner-column elementor-element elementor-element-67a09129\" data-id=\"67a09129\" data-element_type=\"column\">\n\t\t\t<div class=\"elementor-widget-wrap elementor-element-populated\">\n\t\t\t\t\t\t<div class=\"elementor-element elementor-element-5ee9d46f animated-slow elementor-widget elementor-widget-doro-title\" data-id=\"5ee9d46f\" data-element_type=\"widget\" data-settings=\"{&quot;_animation&quot;:&quot;none&quot;}\" data-widget_type=\"doro-title.default\">\n\t\t\t\t<div class=\"elementor-widget-container\">\n\t\t\t\t\t\t\t\n\t\t<div class=\"sec-title text-left\">\n            \t\t\t\n\t\t\t\t\t\t\t\t\t\t\t<h3 class=\"doro-about-heading\">Kontaktn\u00ed formul\u00e1\u0159<\/h3>\n\t\t\t\t\t\t\t\t\t\t\t\t\n\t\t\t\t\n        <\/div> \n\t\t\t\n        \t\t\t\t<\/div>\n\t\t\t\t<\/div>\n\t\t\t\t<div class=\"elementor-element elementor-element-3bbfa98a animated-slow elementor-widget elementor-widget-doro-text\" data-id=\"3bbfa98a\" data-element_type=\"widget\" data-settings=\"{&quot;_animation&quot;:&quot;none&quot;}\" data-widget_type=\"doro-text.default\">\n\t\t\t\t<div class=\"elementor-widget-container\">\n\t\t\t\t\t\t\t\n\t\t<div class=\"sec-text\">\n\t\t    <h6><em>Zanechte n\u00e1m zpr\u00e1vu \u010di popt\u00e1vku pomoc\u00ed na\u0161eho kontaktn\u00edho formul\u00e1\u0159e a my se V\u00e1m ozveme v nejbli\u017e\u0161\u00edm mo\u017en\u00e9m term\u00ednu. D\u011bkujeme<\/em><\/h6>\t\t<\/div>\t\n\t\t\n\t\t\t\n        \t\t\t\t<\/div>\n\t\t\t\t<\/div>\n\t\t\t\t<div class=\"elementor-element elementor-element-51418af elementor-widget elementor-widget-wpforms\" data-id=\"51418af\" data-element_type=\"widget\" data-widget_type=\"wpforms.default\">\n\t\t\t\t<div class=\"elementor-widget-container\">\n\t\t\t\t\t<style id=\"wpforms-css-vars-elementor-widget-51418af\">\n\t\t\t\t.elementor-widget-wpforms.elementor-element-51418af {\n\t\t\t\t--wpforms-field-size-input-height: 43px;\n--wpforms-field-size-input-spacing: 15px;\n--wpforms-field-size-font-size: 16px;\n--wpforms-field-size-line-height: 19px;\n--wpforms-field-size-padding-h: 14px;\n--wpforms-field-size-checkbox-size: 16px;\n--wpforms-field-size-sublabel-spacing: 5px;\n--wpforms-field-size-icon-size: 1;\n--wpforms-label-size-font-size: 16px;\n--wpforms-label-size-line-height: 19px;\n--wpforms-label-size-sublabel-font-size: 14px;\n--wpforms-label-size-sublabel-line-height: 17px;\n--wpforms-button-size-font-size: 17px;\n--wpforms-button-size-height: 41px;\n--wpforms-button-size-padding-h: 15px;\n--wpforms-button-size-margin-top: 10px;\n\n\t\t\t}\n\t\t\t<\/style><div class=\"wpforms-container wpforms-container-full wpforms-render-modern\" id=\"wpforms-851\"><form id=\"wpforms-form-851\" class=\"wpforms-validate wpforms-form wpforms-ajax-form\" data-formid=\"851\" method=\"post\" enctype=\"multipart\/form-data\" action=\"\/index.php?rest_route=%2Fwp%2Fv2%2Fpages%2F635\" data-token=\"b51b14b161d443fed063d173fadd028f\" data-token-time=\"1778687919\"><noscript class=\"wpforms-error-noscript\">Chcete-li vyplnit tento formul\u00e1\u0159, pros\u00edm povolte v prohl\u00ed\u017ee\u010di JavaScript.<\/noscript><div class=\"wpforms-hidden\" id=\"wpforms-error-noscript\">Chcete-li vyplnit tento formul\u00e1\u0159, pros\u00edm povolte v prohl\u00ed\u017ee\u010di JavaScript.<\/div><div class=\"wpforms-field-container\"><div id=\"wpforms-851-field_1-container\" class=\"wpforms-field wpforms-field-name\" data-field-id=\"1\"><fieldset><legend class=\"wpforms-field-label\">Jm\u00e9no <span class=\"wpforms-required-label\" aria-hidden=\"true\">*<\/span><\/legend><div class=\"wpforms-field-row wpforms-field-medium\"><div class=\"wpforms-field-row-block wpforms-first wpforms-one-half\"><input type=\"text\" id=\"wpforms-851-field_1\" class=\"wpforms-field-name-first wpforms-field-required\" name=\"wpforms[fields][1][first]\" aria-errormessage=\"wpforms-851-field_1-error\" required><label for=\"wpforms-851-field_1\" class=\"wpforms-field-sublabel after\">K\u0159estn\u00ed jm\u00e9no<\/label><\/div><div class=\"wpforms-field-row-block wpforms-one-half\"><input type=\"text\" id=\"wpforms-851-field_1-last\" class=\"wpforms-field-name-last wpforms-field-required\" name=\"wpforms[fields][1][last]\" aria-errormessage=\"wpforms-851-field_1-last-error\" required><label for=\"wpforms-851-field_1-last\" class=\"wpforms-field-sublabel after\">P\u0159\u00edjmen\u00ed<\/label><\/div><\/div><\/fieldset><\/div><div id=\"wpforms-851-field_2-container\" class=\"wpforms-field wpforms-field-email\" data-field-id=\"2\"><label class=\"wpforms-field-label\" for=\"wpforms-851-field_2\">E-mail <span class=\"wpforms-required-label\" aria-hidden=\"true\">*<\/span><\/label><input type=\"email\" id=\"wpforms-851-field_2\" class=\"wpforms-field-medium wpforms-field-required\" name=\"wpforms[fields][2]\" spellcheck=\"false\" aria-errormessage=\"wpforms-851-field_2-error\" required><\/div><div id=\"wpforms-851-field_3-container\" class=\"wpforms-field wpforms-field-textarea\" data-field-id=\"3\"><label class=\"wpforms-field-label\" for=\"wpforms-851-field_3\">Koment\u00e1\u0159 nebo zpr\u00e1va<\/label><textarea id=\"wpforms-851-field_3\" class=\"wpforms-field-medium\" name=\"wpforms[fields][3]\" aria-errormessage=\"wpforms-851-field_3-error\" ><\/textarea><\/div><\/div><!-- .wpforms-field-container --><div class=\"wpforms-submit-container\" ><input type=\"hidden\" name=\"wpforms[id]\" value=\"851\"><input type=\"hidden\" name=\"page_title\" value=\"\"><input type=\"hidden\" name=\"page_url\" value=\"https:\/\/r-pons.cz\/index.php?rest_route=\/wp\/v2\/pages\/635\"><button type=\"submit\" name=\"wpforms[submit]\" id=\"wpforms-submit-851\" class=\"wpforms-submit\" data-alt-text=\"Odes\u00edl\u00e1ni...\" data-submit-text=\"Odeslat\" aria-live=\"assertive\" value=\"wpforms-submit\">Odeslat<\/button><img decoding=\"async\" src=\"https:\/\/r-pons.cz\/wp-content\/plugins\/wpforms-lite\/assets\/images\/submit-spin.svg\" class=\"wpforms-submit-spinner\" style=\"display: none;\" width=\"26\" height=\"26\" alt=\"Na\u010d\u00edt\u00e1n\u00ed\"><\/div><\/form><\/div>  <!-- .wpforms-container -->\t\t\t\t<\/div>\n\t\t\t\t<\/div>\n\t\t\t\t\t<\/div>\n\t\t<\/div>\n\t\t\t\t\t<\/div>\n\t\t<\/div>\n\t\t\t\t\t<\/div>\n\t\t<\/div>\n\t\t\t\t\t<\/div>\n\t\t<\/section>\n\t\t<div class=\"elementor-element elementor-element-4dcba06 e-flex e-con-boxed e-con e-parent\" data-id=\"4dcba06\" data-element_type=\"container\">\n\t\t\t\t\t<div class=\"e-con-inner\">\n\t\t\t\t<div class=\"elementor-element elementor-element-5d647c8 elementor-widget-divider--view-line elementor-widget elementor-widget-divider\" data-id=\"5d647c8\" data-element_type=\"widget\" data-widget_type=\"divider.default\">\n\t\t\t\t<div class=\"elementor-widget-container\">\n\t\t\t\t\t\t\t<div class=\"elementor-divider\">\n\t\t\t<span class=\"elementor-divider-separator\">\n\t\t\t\t\t\t<\/span>\n\t\t<\/div>\n\t\t\t\t\t\t<\/div>\n\t\t\t\t<\/div>\n\t\t\t\t\t<\/div>\n\t\t\t\t<\/div>\n\t\t<div class=\"elementor-element elementor-element-1ef1dcc e-flex e-con-boxed e-con e-parent\" data-id=\"1ef1dcc\" data-element_type=\"container\">\n\t\t\t\t\t<div class=\"e-con-inner\">\n\t\t\t\t<div class=\"elementor-element elementor-element-58d14a5 elementor-widget elementor-widget-heading\" data-id=\"58d14a5\" data-element_type=\"widget\" data-widget_type=\"heading.default\">\n\t\t\t\t<div class=\"elementor-widget-container\">\n\t\t\t\t\t<h2 class=\"elementor-heading-title elementor-size-default\">N\u00e1vrhy, v\u00fdroba a mont\u00e1\u017e ocelov\u00fdch konstrukc\u00ed.<\/h2>\t\t\t\t<\/div>\n\t\t\t\t<\/div>\n\t\t\t\t<div class=\"elementor-element elementor-element-5b16880 elementor-widget-divider--view-line elementor-widget elementor-widget-divider\" data-id=\"5b16880\" data-element_type=\"widget\" data-widget_type=\"divider.default\">\n\t\t\t\t<div class=\"elementor-widget-container\">\n\t\t\t\t\t\t\t<div class=\"elementor-divider\">\n\t\t\t<span class=\"elementor-divider-separator\">\n\t\t\t\t\t\t<\/span>\n\t\t<\/div>\n\t\t\t\t\t\t<\/div>\n\t\t\t\t<\/div>\n\t\t\t\t\t<\/div>\n\t\t\t\t<\/div>\n\t\t\t\t<\/div>\n\t\t","protected":false},"excerpt":{"rendered":"<p>Kontaktujte n\u00e1s&#8230; Kontakty: +420 720 777 707 info@r-pons.cz S\u00eddlo: \u010celakovsk\u00e9ho 4297, 430 01 Chomutov Provozovna: Karlovarsk\u00e1 5329, 430 01 Chomutov Jind\u0159ich Svoboda, provozn\u00ed \u0159editel +420&#8230;<\/p>\n","protected":false},"author":1,"featured_media":0,"parent":0,"menu_order":0,"comment_status":"closed","ping_status":"closed","template":"","meta":{"_monsterinsights_skip_tracking":false,"_monsterinsights_sitenote_active":false,"_monsterinsights_sitenote_note":"","_monsterinsights_sitenote_category":0,"footnotes":"","_links_to":"","_links_to_target":""},"class_list":["post-635","page","type-page","status-publish","hentry"],"aioseo_notices":[],"_links":{"self":[{"href":"https:\/\/r-pons.cz\/index.php?rest_route=\/wp\/v2\/pages\/635","targetHints":{"allow":["GET"]}}],"collection":[{"href":"https:\/\/r-pons.cz\/index.php?rest_route=\/wp\/v2\/pages"}],"about":[{"href":"https:\/\/r-pons.cz\/index.php?rest_route=\/wp\/v2\/types\/page"}],"author":[{"embeddable":true,"href":"https:\/\/r-pons.cz\/index.php?rest_route=\/wp\/v2\/users\/1"}],"replies":[{"embeddable":true,"href":"https:\/\/r-pons.cz\/index.php?rest_route=%2Fwp%2Fv2%2Fcomments&post=635"}],"version-history":[{"count":19,"href":"https:\/\/r-pons.cz\/index.php?rest_route=\/wp\/v2\/pages\/635\/revisions"}],"predecessor-version":[{"id":883,"href":"https:\/\/r-pons.cz\/index.php?rest_route=\/wp\/v2\/pages\/635\/revisions\/883"}],"wp:attachment":[{"href":"https:\/\/r-pons.cz\/index.php?rest_route=%2Fwp%2Fv2%2Fmedia&parent=635"}],"curies":[{"name":"wp","href":"https:\/\/api.w.org\/{rel}","templated":true}]}}